{"id":22,"date":"2022-08-22T11:25:01","date_gmt":"2022-08-22T09:25:01","guid":{"rendered":"https:\/\/vitana.ch\/fr\/nahrungserganzung-snacks-katzen\/"},"modified":"2023-10-02T13:49:54","modified_gmt":"2023-10-02T11:49:54","slug":"complements-alimentaires-snacks-chats","status":"publish","type":"page","link":"https:\/\/vitana.ch\/fr\/complements-alimentaires-snacks-chats\/","title":{"rendered":"Chats"},"content":{"rendered":"\n<div class=\"wp-block-cover alignfull is-light has-parallax dcpt--content dcpt--header-cover\" style=\"min-height:40vw;aspect-ratio:unset;\"><span aria-hidden=\"true\" class=\"wp-block-cover__background has-background-dim-10 has-background-dim\"><\/span><div role=\"img\" class=\"wp-block-cover__image-background wp-image-2836 has-parallax\" style=\"background-position:50% 50%;background-image:url(https:\/\/vitana.ch\/fr\/wp-content\/uploads\/sites\/2\/2022\/09\/vitana_katzen_teaser.jpg)\"><\/div><div class=\"wp-block-cover__inner-container is-layout-flow wp-block-cover-is-layout-flow\">\n<p class=\"has-text-align-center has-white-color has-text-color\" style=\"font-size:1rem;font-style:normal;font-weight:500\">VITANA<\/p>\n\n\n\n<hr class=\"wp-block-separator has-text-color has-white-color has-css-opacity has-white-background-color has-background is-style-default\"\/>\n\n\n\n<h1 class=\"wp-block-heading has-text-align-center has-white-color has-text-color\" style=\"font-size:5rem\">CHATS<\/h1>\n\n\n\n<p class=\"has-text-align-center has-white-color has-text-color\" style=\"font-size:1.8rem;font-style:normal;font-weight:300\"><em>Compl\u00e9ments alimentaires et snacks pour chats<\/em><\/p>\n\n\n\n<div class=\"wp-block-buttons is-horizontal is-content-justification-center is-nowrap is-layout-flex wp-container-core-buttons-is-layout-1 wp-block-buttons-is-layout-flex\">\n<div class=\"wp-block-button has-custom-font-size is-style-fill\" style=\"font-size:1rem\"><a class=\"wp-block-button__link has-black-color has-white-background-color has-text-color has-background wp-element-button\" href=\"https:\/\/vitana.ch\/fr\/shop\/?filter_espece-animale=chats\" style=\"border-radius:11px\"><strong>VERS LA BOUTIQUE<\/strong><\/a><\/div>\n<\/div>\n<\/div><\/div>\n\n\n\n<section class=\"wp-block-group dcpt--content dcpt--fullwidth nobtm dcpt--head\"><div class=\"wp-block-group__inner-container is-layout-flow wp-block-group-is-layout-flow\">\n<div class=\"wp-block-columns alignfull dcpt--block-produkte is-layout-flex wp-container-core-columns-is-layout-1 wp-block-columns-is-layout-flex\">\n<div class=\"wp-block-column dcpt--cols-two-left dcpt--nomobile is-layout-flow wp-block-column-is-layout-flow\" style=\"flex-basis:50%\">\n<figure class=\"wp-block-image size-large\"><img decoding=\"async\" width=\"1024\" height=\"683\" src=\"https:\/\/vitana.ch\/fr\/wp-content\/uploads\/sites\/2\/2022\/09\/vitana_katzen_teaser_zwei-1024x683.jpg\" alt=\"\" class=\"wp-image-2837\" srcset=\"https:\/\/vitana.ch\/fr\/wp-content\/uploads\/sites\/2\/2022\/09\/vitana_katzen_teaser_zwei-1024x683.jpg 1024w, https:\/\/vitana.ch\/fr\/wp-content\/uploads\/sites\/2\/2022\/09\/vitana_katzen_teaser_zwei-300x200.jpg 300w, https:\/\/vitana.ch\/fr\/wp-content\/uploads\/sites\/2\/2022\/09\/vitana_katzen_teaser_zwei-768x512.jpg 768w, https:\/\/vitana.ch\/fr\/wp-content\/uploads\/sites\/2\/2022\/09\/vitana_katzen_teaser_zwei-1536x1024.jpg 1536w, https:\/\/vitana.ch\/fr\/wp-content\/uploads\/sites\/2\/2022\/09\/vitana_katzen_teaser_zwei-600x400.jpg 600w, https:\/\/vitana.ch\/fr\/wp-content\/uploads\/sites\/2\/2022\/09\/vitana_katzen_teaser_zwei-150x100.jpg 150w, https:\/\/vitana.ch\/fr\/wp-content\/uploads\/sites\/2\/2022\/09\/vitana_katzen_teaser_zwei.jpg 1900w\" sizes=\"(max-width: 1024px) 100vw, 1024px\" \/><\/figure>\n<\/div>\n\n\n\n<div class=\"wp-block-column dcpt--cols-two-right is-layout-flow wp-block-column-is-layout-flow\" style=\"flex-basis:50%\">\n<h2 class=\"wp-block-heading dcpt--cols-title has-black-color has-text-color\"><strong>Des f\u00e9lins heureux<\/strong><\/h2>\n\n\n\n<p class=\"has-text-align-left dcpt--cols-text has-black-color has-text-color\">Chaque chat est unique. Qu\u2019il s\u2019agisse d\u2019un chat c\u00e2lin ou d\u2019un chasseur t\u00e9m\u00e9raire, les pr\u00e9cieux compl\u00e9ments alimentaires de VITANA vous permettent de soutenir durablement votre f\u00e9lin jusqu\u2019\u00e0 un \u00e2ge avanc\u00e9, afin qu\u2019il ronronne encore longtemps de satisfaction.<\/p>\n<\/div>\n<\/div>\n<\/div><\/section>\n\n\n\n<section id=\"richtige-ernaehrung\" class=\"wp-block-group dcpt--content dcpt--fullwidth dcpt--hidden\"><div class=\"wp-block-group__inner-container is-layout-flow wp-block-group-is-layout-flow\">\n<div style=\"height:30px\" aria-hidden=\"true\" class=\"wp-block-spacer\"><\/div>\n\n\n\n<p class=\"has-text-align-center dcpt--topic dcpt--center\">WAS KATZEN BRAUCHEN<\/p>\n\n\n\n<h2 class=\"wp-block-heading has-text-align-center dcpt--topic-headline\">Richtige Ern\u00e4hrung f\u00fcr Katzen<\/h2>\n\n\n\n<p class=\"has-text-align-center dcpt--topic-content\" style=\"font-size:1.2rem\">Lorem ipsum dolor sit amet, consetetur sadipscing elitr, sed diam nonumy eirmod tempor invidunt ut labore et dolore magna aliquyam erat, sed diam voluptua. At vero eos et accusam et justo duo dolores et ea rebum. <\/p>\n<\/div><\/section>\n\n\n\n<div class=\"wp-block-group dcpt--content dcpt--fullwidth nobtm dcpt--hidden\"><div class=\"wp-block-group__inner-container is-layout-flow wp-block-group-is-layout-flow\">\n<div class=\"wp-block-columns dcpt--block-produkte is-layout-flex wp-container-core-columns-is-layout-2 wp-block-columns-is-layout-flex\">\n<div class=\"wp-block-column dcpt--cols-two-left is-layout-flow wp-block-column-is-layout-flow\"><div class=\"wp-block-image\">\n<figure class=\"aligncenter size-full is-resized\"><img decoding=\"async\" src=\"https:\/\/vitana.ch\/wp-content\/uploads\/2022\/06\/vitana_hunde_nahrung.jpg\" alt=\"\" class=\"wp-image-3133\" style=\"width:500px;height:333px\" width=\"500\" height=\"333\"\/><\/figure><\/div><\/div>\n\n\n\n<div class=\"wp-block-column is-vertically-aligned-center dcpt--cols-two-right has-white-background-color has-background is-layout-flow wp-block-column-is-layout-flow\">\n<h3 class=\"wp-block-heading dcpt--cols-title has-medium-font-size\" style=\"font-style:normal;font-weight:500\">Grundnahrung<\/h3>\n\n\n\n<p class=\"dcpt--cols-text\" style=\"font-size:1rem\">Nass- und\/oder Trockenfutter ist die Grundnahrung einer Katze und elementar f\u00fcr ihre Gesundheit.&nbsp;<\/p>\n<\/div>\n<\/div>\n<\/div><\/div>\n\n\n\n<div class=\"wp-block-group dcpt--content dcpt--fullwidth nobtm dcpt--hidden\"><div class=\"wp-block-group__inner-container is-layout-flow wp-block-group-is-layout-flow\">\n<div class=\"wp-block-columns dcpt--block-produkte is-layout-flex wp-container-core-columns-is-layout-3 wp-block-columns-is-layout-flex\">\n<div class=\"wp-block-column dcpt--cols-two-left is-layout-flow wp-block-column-is-layout-flow\"><div class=\"wp-block-image\">\n<figure class=\"aligncenter size-full\"><img decoding=\"async\" src=\"https:\/\/vitana.ch\/wp-content\/uploads\/2022\/06\/1191551038.jpg\" alt=\"\" class=\"wp-image-2915\"\/><\/figure><\/div><\/div>\n\n\n\n<div class=\"wp-block-column is-vertically-aligned-center dcpt--cols-two-right has-white-background-color has-background is-layout-flow wp-block-column-is-layout-flow\">\n<h3 class=\"wp-block-heading dcpt--cols-title has-medium-font-size\" style=\"font-style:normal;font-weight:500\">Vitamine &amp; Mineralien<\/h3>\n\n\n\n<p class=\"dcpt--cols-text\" style=\"font-size:1rem\">Lorem ipsum dolor sit amet, consetetur sadipscing elitr, sed diam nonumy eirmod tempor invidunt ut labore et dolore magna aliquyam erat, sed diam voluptua. At vero eos et accusam et justo duo dolores et ea rebum. Stet clita kasd gubergren, no sea takimata sanctus est Lorem ipsum dolor sit amet. Lorem ipsum dolor sit amet, consetetur sadipscing elitr, sed diam<\/p>\n<\/div>\n<\/div>\n<\/div><\/div>\n\n\n\n<div class=\"wp-block-group dcpt--content dcpt--fullwidth nobtm dcpt--hidden\"><div class=\"wp-block-group__inner-container is-layout-flow wp-block-group-is-layout-flow\">\n<div class=\"wp-block-columns dcpt--block-produkte is-layout-flex wp-container-core-columns-is-layout-4 wp-block-columns-is-layout-flex\">\n<div class=\"wp-block-column dcpt--cols-two-left is-layout-flow wp-block-column-is-layout-flow\"><div class=\"wp-block-image\">\n<figure class=\"aligncenter size-full\"><img decoding=\"async\" src=\"https:\/\/vitana.ch\/wp-content\/uploads\/2022\/06\/938130794.jpg\" alt=\"\" class=\"wp-image-2920\"\/><\/figure><\/div><\/div>\n\n\n\n<div class=\"wp-block-column is-vertically-aligned-center dcpt--cols-two-right has-white-background-color has-background is-layout-flow wp-block-column-is-layout-flow\">\n<h3 class=\"wp-block-heading dcpt--cols-title has-medium-font-size\" style=\"font-style:normal;font-weight:500\">Erg\u00e4nzungsnahrung<\/h3>\n\n\n\n<p class=\"dcpt--cols-text\" style=\"font-size:1rem\">Mit den Produkten von Vitana&nbsp; k\u00f6nnen wir Ihnen sicherlich eine passende L\u00f6sung anbieten, um Ihrer Katze bei unterschiedlichen Problemen zu unterst\u00fctzen.&nbsp;<\/p>\n<\/div>\n<\/div>\n\n\n\n<div style=\"height:50px\" aria-hidden=\"true\" class=\"wp-block-spacer\"><\/div>\n<\/div><\/div>\n\n\n\n<div class=\"wp-block-group alignfull dcpt--nomobile\"><div class=\"wp-block-group__inner-container is-layout-flow wp-block-group-is-layout-flow\">\n<div class=\"wp-block-cover alignfull has-parallax\" style=\"min-height:40vw;aspect-ratio:unset;\"><span aria-hidden=\"true\" class=\"wp-block-cover__background has-background-dim-0 has-background-dim\"><\/span><div role=\"img\" class=\"wp-block-cover__image-background wp-image-2839 has-parallax\" style=\"background-position:50% 50%;background-image:url(https:\/\/vitana.ch\/fr\/wp-content\/uploads\/sites\/2\/2022\/09\/vitana_katzen_produkte.jpg)\"><\/div><div class=\"wp-block-cover__inner-container is-layout-flow wp-block-cover-is-layout-flow\">\n<p class=\"has-text-align-center has-large-font-size\"><\/p>\n<\/div><\/div>\n<\/div><\/div>\n\n\n\n<div id=\"brand\" class=\"wp-block-group dcpt--content dcpt--fullwidth dcpt--nomobile\"><div class=\"wp-block-group__inner-container is-layout-flow wp-block-group-is-layout-flow\">\n<div style=\"height:30px\" aria-hidden=\"true\" class=\"wp-block-spacer\"><\/div>\n\n\n\n<p class=\"has-text-align-center dcpt--topic dcpt--center\" style=\"font-size:1rem\">VITANA<\/p>\n\n\n\n<h2 class=\"wp-block-heading has-text-align-center dcpt--topic-headline\">Compl\u00e9ments alimentaires et snacks pour chats<\/h2>\n\n\n\n<p class=\"has-text-align-center dcpt--topic-content\" style=\"font-size:1.3rem\">M\u00eame les chats les plus exigeants appr\u00e9cieront les produits VITANA. De plus, ils favorisent la sant\u00e9 et le bien-\u00eatre. Un b\u00e9n\u00e9fice sur toute la ligne pour vous et votre f\u00e9lin.&nbsp;<\/p>\n\n\n\n<div style=\"height:15px\" aria-hidden=\"true\" class=\"wp-block-spacer\"><\/div>\n\n\n\n<div class=\"wp-block-buttons is-content-justification-center is-layout-flex wp-container-core-buttons-is-layout-2 wp-block-buttons-is-layout-flex\">\n<div class=\"wp-block-button\"><a class=\"wp-block-button__link wp-element-button\" href=\"https:\/\/vitana.ch\/fr\/a-propos-de-nous\/\"><strong>EN SAVOIR PLUS SUR VITANA<\/strong><\/a><\/div>\n<\/div>\n<\/div><\/div>\n\n\n\n<section id=\"shop-katzen\" class=\"wp-block-group dcpt--content dcpt--fullwidth dcpt--shop\"><div class=\"wp-block-group__inner-container is-layout-flow wp-block-group-is-layout-flow\">\n<div style=\"height:30px\" aria-hidden=\"true\" class=\"wp-block-spacer\"><\/div>\n\n\n\n<p class=\"has-text-align-center dcpt--topic dcpt--center dcpt--nomobile\" style=\"font-size:1rem\">BOUTIQUE EN LIGNE<\/p>\n\n\n\n<h2 class=\"wp-block-heading has-text-align-center dcpt--topic-headline\"><strong>Nos meilleurs produits pour les f\u00e9lins<\/strong><\/h2>\n\n\n\n<p class=\"has-text-align-center dcpt--topic-content\" style=\"font-size:1.2rem\">Avec des compl\u00e9ments alimentaires rigoureusement s\u00e9lectionn\u00e9s, vous soutenez le bien-\u00eatre de votre chat<\/p>\n\n\n\n<div style=\"height:30px\" aria-hidden=\"true\" class=\"wp-block-spacer dcpt--nomobile\"><\/div>\n\n\n\n<div class=\"wp-block-columns is-layout-flex wp-container-core-columns-is-layout-5 wp-block-columns-is-layout-flex\">\n<div class=\"wp-block-column is-layout-flow wp-block-column-is-layout-flow\" style=\"flex-basis:66.66%\"><div data-block-name=\"woocommerce\/product-category\" data-rows=\"1\" data-align-buttons=\"true\" data-content-visibility=\"{&quot;title&quot;:true,&quot;price&quot;:true,&quot;rating&quot;:false,&quot;button&quot;:false}\" data-categories=\"[28]\" data-stock-status=\"[&quot;&quot;,&quot;&quot;,&quot;instock&quot;,&quot;outofstock&quot;]\" data-orderby=\"popularity\" class=\"wc-block-grid wp-block-product-category wc-block-product-category has-3-columns has-aligned-buttons\"><ul class=\"wc-block-grid__products\"><li class=\"wc-block-grid__product\"><span class=\"gtm4wp_productdata\" style=\"display:none; visibility:hidden;\" data-gtm4wp_product_data=\"{&quot;internal_id&quot;:12410,&quot;item_id&quot;:&quot;8afa82c4814227980182fe7204e37580&quot;,&quot;item_name&quot;:&quot;VITANA Herbe aux chats sp\\u00e9ciale&quot;,&quot;sku&quot;:&quot;8afa82c4814227980182fe7204e37580&quot;,&quot;price&quot;:9.95,&quot;stocklevel&quot;:null,&quot;stockstatus&quot;:&quot;instock&quot;,&quot;google_business_vertical&quot;:&quot;retail&quot;,&quot;item_category&quot;:&quot;Chats&quot;,&quot;item_category2&quot;:&quot;CMS Katzen Thema&quot;,&quot;id&quot;:&quot;8afa82c4814227980182fe7204e37580&quot;,&quot;productlink&quot;:&quot;https:\\\/\\\/vitana.ch\\\/fr\\\/shop\\\/chats\\\/nourriture-complementaire-chats\\\/vitana-herbe-aux-chats-spciale-chats\\\/&quot;,&quot;item_list_name&quot;:&quot;Liste g\\u00e9n\\u00e9rale des produits&quot;,&quot;index&quot;:0,&quot;product_type&quot;:&quot;variable&quot;,&quot;item_brand&quot;:&quot;&quot;}\"><\/span>\n\t\t\t\t<a href=\"https:\/\/vitana.ch\/fr\/shop\/chats\/nourriture-complementaire-chats\/vitana-herbe-aux-chats-spciale-chats\/\" class=\"wc-block-grid__product-link\">\n\t\t\t\t\t\n\t\t\t\t\t<div class=\"wc-block-grid__product-image\"><img decoding=\"async\" width=\"300\" height=\"300\" src=\"https:\/\/vitana.ch\/fr\/wp-content\/themes\/woodmart\/images\/lazy.png\" class=\"attachment-woocommerce_thumbnail size-woocommerce_thumbnail wd-lazy-load woodmart-lazy-load wd-lazy-fade\" alt=\"favorise la digestion\" srcset=\"\" sizes=\"(max-width: 300px) 100vw, 300px\" data-wood-src=\"https:\/\/vitana.ch\/fr\/wp-content\/uploads\/sites\/2\/2022\/09\/48281_Topshot-300x300.jpg\" data-srcset=\"https:\/\/vitana.ch\/fr\/wp-content\/uploads\/sites\/2\/2022\/09\/48281_Topshot-300x300.jpg 300w, https:\/\/vitana.ch\/fr\/wp-content\/uploads\/sites\/2\/2022\/09\/48281_Topshot-150x150.jpg 150w, https:\/\/vitana.ch\/fr\/wp-content\/uploads\/sites\/2\/2022\/09\/48281_Topshot-600x600.jpg 600w\" \/><\/div>\n\t\t\t\t\t<div class=\"wc-block-grid__product-title\">VITANA Herbe aux chats sp\u00e9ciale<\/div>\n\t\t\t\t<\/a>\n\t\t\t\t<div class=\"wc-block-grid__product-price price\"><span class=\"woocommerce-Price-amount amount\"><span class=\"woocommerce-Price-currencySymbol\">&#067;&#072;&#070;<\/span>&nbsp;9.95<\/span> <small class=\"woocommerce-price-suffix\">TVA incluse<\/small><\/div>\n\t\t\t\t\n\t\t\t\t\n\t\t\t<\/li><li class=\"wc-block-grid__product\"><span class=\"gtm4wp_productdata\" style=\"display:none; visibility:hidden;\" data-gtm4wp_product_data=\"{&quot;internal_id&quot;:12416,&quot;item_id&quot;:&quot;8afa82c4814227980182fe720ea83cb1&quot;,&quot;item_name&quot;:&quot;VITANA Caroube&quot;,&quot;sku&quot;:&quot;8afa82c4814227980182fe720ea83cb1&quot;,&quot;price&quot;:8.95,&quot;stocklevel&quot;:null,&quot;stockstatus&quot;:&quot;instock&quot;,&quot;google_business_vertical&quot;:&quot;retail&quot;,&quot;item_category&quot;:&quot;Chats&quot;,&quot;item_category2&quot;:&quot;CMS Katzen Thema&quot;,&quot;id&quot;:&quot;8afa82c4814227980182fe720ea83cb1&quot;,&quot;productlink&quot;:&quot;https:\\\/\\\/vitana.ch\\\/fr\\\/shop\\\/chats\\\/nourriture-complementaire-chats\\\/vitana-caroube-chats\\\/&quot;,&quot;item_list_name&quot;:&quot;Liste g\\u00e9n\\u00e9rale des produits&quot;,&quot;index&quot;:0,&quot;product_type&quot;:&quot;variable&quot;,&quot;item_brand&quot;:&quot;&quot;}\"><\/span>\n\t\t\t\t<a href=\"https:\/\/vitana.ch\/fr\/shop\/chats\/nourriture-complementaire-chats\/vitana-caroube-chats\/\" class=\"wc-block-grid__product-link\">\n\t\t\t\t\t\n\t\t\t\t\t<div class=\"wc-block-grid__product-image\"><img decoding=\"async\" width=\"300\" height=\"300\" src=\"https:\/\/vitana.ch\/fr\/wp-content\/themes\/woodmart\/images\/lazy.png\" class=\"attachment-woocommerce_thumbnail size-woocommerce_thumbnail wd-lazy-load woodmart-lazy-load wd-lazy-fade\" alt=\"donne de l&rsquo;&eacute;nergie et est id&eacute;ale en cas de perte d&rsquo;app&eacute;tit.&lt;\/P&gt;\" srcset=\"\" sizes=\"(max-width: 300px) 100vw, 300px\" data-wood-src=\"https:\/\/vitana.ch\/fr\/wp-content\/uploads\/sites\/2\/2022\/09\/48285_Topshot-300x300.jpg\" data-srcset=\"https:\/\/vitana.ch\/fr\/wp-content\/uploads\/sites\/2\/2022\/09\/48285_Topshot-300x300.jpg 300w, https:\/\/vitana.ch\/fr\/wp-content\/uploads\/sites\/2\/2022\/09\/48285_Topshot-150x150.jpg 150w, https:\/\/vitana.ch\/fr\/wp-content\/uploads\/sites\/2\/2022\/09\/48285_Topshot-600x600.jpg 600w\" \/><\/div>\n\t\t\t\t\t<div class=\"wc-block-grid__product-title\">VITANA Caroube<\/div>\n\t\t\t\t<\/a>\n\t\t\t\t<div class=\"wc-block-grid__product-price price\"><span class=\"woocommerce-Price-amount amount\"><span class=\"woocommerce-Price-currencySymbol\">&#067;&#072;&#070;<\/span>&nbsp;8.95<\/span> <small class=\"woocommerce-price-suffix\">TVA incluse<\/small><\/div>\n\t\t\t\t\n\t\t\t\t\n\t\t\t<\/li><\/ul><\/div><\/div>\n\n\n\n<div class=\"wp-block-column is-vertically-aligned-center dcpt--shop-link is-layout-flow wp-block-column-is-layout-flow\" style=\"flex-basis:33.33%\">\n<p class=\"has-text-align-center has-x-large-font-size\" style=\"font-style:normal;font-weight:300\"><a href=\"https:\/\/vitana.ch\/fr\/shop\/?filter_espece-animale=chats\">+<\/a><\/p>\n<\/div>\n<\/div>\n<\/div><\/section>\n\n\n\n<div class=\"wp-block-group alignfull dcpt--content dcpt--header-cover has-white-color has-text-color has-background\" style=\"background-color:#78b424\"><div class=\"wp-block-group__inner-container is-layout-flow wp-block-group-is-layout-flow\">\n<div style=\"height:64px\" aria-hidden=\"true\" class=\"wp-block-spacer\"><\/div>\n\n\n\n<p class=\"has-text-align-center has-white-color has-text-color\" style=\"font-size:1rem;font-style:normal;font-weight:500\">VITANA<\/p>\n\n\n\n<hr class=\"wp-block-separator has-text-color has-white-color has-css-opacity has-white-background-color has-background is-style-default\"\/>\n\n\n\n<h1 class=\"wp-block-heading has-text-align-center has-white-color has-text-color\" style=\"font-size:4rem\">BOUTIQUE EN LIGNE<\/h1>\n\n\n\n<p class=\"has-text-align-center has-white-color has-text-color\" style=\"font-size:1.4rem;font-style:normal;font-weight:400\"><em><em>Compl\u00e9ments alimentaires et snacks pour chats<\/em><\/em><\/p>\n\n\n\n<div class=\"wp-block-buttons is-horizontal is-content-justification-center is-nowrap is-layout-flex wp-container-core-buttons-is-layout-3 wp-block-buttons-is-layout-flex\">\n<div class=\"wp-block-button has-custom-font-size is-style-fill\" style=\"font-size:1rem\"><a class=\"wp-block-button__link has-black-color has-white-background-color has-text-color has-background wp-element-button\" href=\"https:\/\/vitana.ch\/fr\/shop\/?filter_espece-animale=chats\" style=\"border-radius:11px\"><strong><strong>VERS LA BOUTIQUE<\/strong><\/strong><\/a><\/div>\n<\/div>\n\n\n\n<div style=\"height:64px\" aria-hidden=\"true\" class=\"wp-block-spacer\"><\/div>\n<\/div><\/div>\n\n\n\n<p><\/p>\n\n\n\n<p><\/p>\n","protected":false},"excerpt":{"rendered":"<p>Des f\u00e9lins heureux Chaque chat est unique. Qu\u2019il s\u2019agisse d\u2019un chat c\u00e2lin ou d\u2019un chasseur t\u00e9m\u00e9raire, les pr\u00e9cieux compl\u00e9ments alimentaires<\/p>\n","protected":false},"author":5,"featured_media":0,"parent":0,"menu_order":0,"comment_status":"open","ping_status":"open","template":"","meta":{"footnotes":""},"_links":{"self":[{"href":"https:\/\/vitana.ch\/fr\/wp-json\/wp\/v2\/pages\/22"}],"collection":[{"href":"https:\/\/vitana.ch\/fr\/wp-json\/wp\/v2\/pages"}],"about":[{"href":"https:\/\/vitana.ch\/fr\/wp-json\/wp\/v2\/types\/page"}],"author":[{"embeddable":true,"href":"https:\/\/vitana.ch\/fr\/wp-json\/wp\/v2\/users\/5"}],"replies":[{"embeddable":true,"href":"https:\/\/vitana.ch\/fr\/wp-json\/wp\/v2\/comments?post=22"}],"version-history":[{"count":0,"href":"https:\/\/vitana.ch\/fr\/wp-json\/wp\/v2\/pages\/22\/revisions"}],"wp:attachment":[{"href":"https:\/\/vitana.ch\/fr\/wp-json\/wp\/v2\/media?parent=22"}],"curies":[{"name":"wp","href":"https:\/\/api.w.org\/{rel}","templated":true}]}}