{"id":24,"date":"2022-08-22T11:25:01","date_gmt":"2022-08-22T09:25:01","guid":{"rendered":"https:\/\/vitana.ch\/fr\/ueber-uns\/"},"modified":"2025-05-09T11:55:51","modified_gmt":"2025-05-09T09:55:51","slug":"a-propos-de-nous","status":"publish","type":"page","link":"https:\/\/vitana.ch\/fr\/a-propos-de-nous\/","title":{"rendered":"\u00e0 propos de nous"},"content":{"rendered":"\n<div class=\"wp-block-cover alignfull is-light has-parallax dcpt--content dcpt--header-cover\" style=\"min-height:40vw;aspect-ratio:unset;\"><span aria-hidden=\"true\" class=\"wp-block-cover__background has-background-dim-20 has-background-dim\"><\/span><div class=\"wp-block-cover__image-background wp-image-2834 has-parallax\" style=\"background-position:50% 50%;background-image:url(https:\/\/vitana.ch\/fr\/wp-content\/uploads\/sites\/2\/2022\/09\/vitana_produkte_teaser.jpg)\"><\/div><div class=\"wp-block-cover__inner-container is-layout-flow wp-block-cover-is-layout-flow\">\n<p class=\"has-text-align-center has-white-color has-text-color\" style=\"font-size:1rem;font-style:normal;font-weight:500\">VITANA &amp; PET+ME<\/p>\n\n\n\n<hr class=\"wp-block-separator has-text-color has-white-color has-css-opacity has-white-background-color has-background is-style-default\" \/>\n\n\n\n<h1 class=\"wp-block-heading has-text-align-center has-white-color has-text-color\" style=\"font-size:5rem\">POUR CHIENS, CHATS &amp; CHEVAUX<\/h1>\n\n\n\n<p class=\"has-text-align-center has-white-color has-text-color\" style=\"font-size:1.8rem;font-style:normal;font-weight:300\"><em>Compl\u00e9ments alimentaires, snacks et produits de soins<\/em><\/p>\n\n\n\n<div class=\"wp-block-buttons is-horizontal is-content-justification-center is-nowrap is-layout-flex wp-container-core-buttons-is-layout-1 wp-block-buttons-is-layout-flex\">\n<div class=\"wp-block-button has-custom-font-size is-style-fill\" style=\"font-size:1rem\"><a class=\"wp-block-button__link has-black-color has-white-background-color has-text-color has-background wp-element-button\" href=\"https:\/\/vitana.ch\/fr\/shop\/\" style=\"border-radius:11px\"><strong>VERS LA BOUTIQUE<\/strong><\/a><\/div>\n<\/div>\n<\/div><\/div>\n\n\n\n<div style=\"height:30px\" aria-hidden=\"true\" class=\"wp-block-spacer\"><\/div>\n\n\n\n<div class=\"wp-block-group dcpt--content dcpt--fullwidth\"><div class=\"wp-block-group__inner-container is-layout-flow wp-block-group-is-layout-flow\">\n<p class=\"has-text-align-center dcpt--topic dcpt--center\" style=\"font-size:1rem\">VITANA &amp; PET+ME<\/p>\n\n\n\n<h2 class=\"wp-block-heading has-text-align-center dcpt--topic-headline\">Compl\u00e9ments alimentaires, snacks et articles de soins<\/h2>\n\n\n\n<p class=\"has-text-align-center dcpt--topic-content\" style=\"font-size:1.4rem\">Avec VITANA et pet+me, vous disposez d\u2019un grand choix de produits pour nourrir au mieux votre compagnon \u00e0 quatre pattes.<\/p>\n<\/div><\/div>\n\n\n\n<div class=\"wp-block-group dcpt--content dcpt--fullwidth nobtm\"><div class=\"wp-block-group__inner-container is-layout-flow wp-block-group-is-layout-flow\">\n<div class=\"wp-block-columns dcpt--block-brands is-layout-flex wp-container-core-columns-is-layout-1 wp-block-columns-is-layout-flex\">\n<div class=\"wp-block-column dcpt--cols-two-left is-layout-flow wp-block-column-is-layout-flow\" style=\"flex-basis:50%\"><div class=\"wp-block-image\">\n<figure class=\"aligncenter size-large is-resized\"><img decoding=\"async\" width=\"1200\" height=\"228\" src=\"https:\/\/vitana.ch\/fr\/wp-content\/uploads\/sites\/2\/2022\/08\/vitana.svg\" alt=\"\" class=\"wp-image-18\" style=\"width:225px;height:43px\" \/><\/figure><\/div>\n\n\n<p class=\"has-text-align-center dcpt--cols-title has-black-color has-text-color\" style=\"font-size:1.3rem;font-style:normal;font-weight:400\">VITANA \u2013 Sant\u00e9 pour le chien, le chat et le cheval<\/p>\n\n\n\n<p class=\"has-text-align-center dcpt--cols-text has-black-color has-text-color\">Depuis 1986, VITANA est synonyme de compl\u00e9ments alimentaires de grande qualit\u00e9 pour chiens, chevaux et chats. Les produits fabriqu\u00e9s depuis des ann\u00e9es sont compos\u00e9s de mati\u00e8res premi\u00e8res naturelles rigoureusement s\u00e9lectionn\u00e9es, et contribuent ainsi \u00e0 la sant\u00e9 et au bien-\u00eatre de nos amis \u00e0 quatre pattes. Depuis le 1er janvier 2021, VITANA SA appartient \u00e0 Eric Schweizer SA, qui est depuis des d\u00e9cennies un partenaire fiable des animaleries. SCHWEIZER poursuit la tradition en proposant des produits de grande qualit\u00e9 et des m\u00e9langes complexes avec beaucoup de passion pour les animaux. Avec la t\u00eate et le c\u0153ur, sur le site de production de Thoune.<\/p>\n\n\n\n<div class=\"wp-block-buttons is-content-justification-center is-layout-flex wp-container-core-buttons-is-layout-2 wp-block-buttons-is-layout-flex\">\n<div class=\"wp-block-button\"><a class=\"wp-block-button__link wp-element-button\" href=\"https:\/\/vitana.ch\/fr\/shop\/?filter_marque=vitana\"><strong>EN SAVOIR PLUS SUR VITANA<\/strong><\/a><\/div>\n<\/div>\n<\/div>\n\n\n\n<div class=\"wp-block-column is-vertically-aligned-top dcpt--cols-two-right is-layout-flow wp-block-column-is-layout-flow\" style=\"flex-basis:50%\"><div class=\"wp-block-image\">\n<figure class=\"aligncenter size-large is-resized\"><img decoding=\"async\" width=\"555\" height=\"351\" src=\"https:\/\/vitana.ch\/fr\/wp-content\/uploads\/sites\/2\/2025\/05\/logo_petandme.svg\" alt=\"\" class=\"wp-image-15225\" style=\"width:225px;height:71px\" \/><\/figure><\/div>\n\n\n<p class=\"has-text-align-center dcpt--cols-title has-black-color has-text-color\" style=\"font-size:1.3rem;font-style:normal;font-weight:400\">pet+me\u00ae \u2013 brosses de soin<\/p>\n\n\n\n<p class=\"has-text-align-center dcpt--cols-text has-black-color has-text-color\">Qu\u2019il s\u2019agisse d\u2019un chien, d\u2019un chat ou d&rsquo;un cheval, \u00e0 poils longs ou courts, pet+me\u00ae g\u00e2te votre ami \u00e0 fourrure sous ses quatre formes diff\u00e9rentes. Ces brosses de nettoyage et de massage proposent une combinaison \u00e9quilibr\u00e9e de confort et d\u2019efficacit\u00e9 : Elles n\u2019enl\u00e8vent pas seulement les impuret\u00e9s et les poils d\u00e9tach\u00e9s, mais m\u00e9nagent aussi la peau la plus sensible de l\u2019animal.<\/p>\n\n\n\n<div class=\"wp-block-buttons is-content-justification-center is-layout-flex wp-container-core-buttons-is-layout-3 wp-block-buttons-is-layout-flex\">\n<div class=\"wp-block-button\"><a class=\"wp-block-button__link wp-element-button\" href=\"https:\/\/vitana.ch\/fr\/shop\/?filter_marque=petme\"><strong>EN SAVOIR PLUS SUR PET+ME<\/strong><\/a><\/div>\n<\/div>\n<\/div>\n<\/div>\n<\/div><\/div>\n\n\n\n<section id=\"vitana-hunde\" class=\"wp-block-group dcpt--content dcpt--fullwidth nobtm dcpt--hidden\"><div class=\"wp-block-group__inner-container is-layout-flow wp-block-group-is-layout-flow\">\n<div class=\"wp-block-columns dcpt--block-produkte is-layout-flex wp-container-core-columns-is-layout-2 wp-block-columns-is-layout-flex\">\n<div class=\"wp-block-column dcpt--cols-two-left is-layout-flow wp-block-column-is-layout-flow\" style=\"flex-basis:50%\">\n<figure class=\"wp-block-image size-large\"><a href=\"https:\/\/vitana.ch\/nahrungserganzung-snacks-hunde\/\"><img decoding=\"async\" src=\"https:\/\/vitana.ch\/wp-content\/uploads\/2022\/06\/vitana_hunde_header_zwei-1024x683.jpg\" alt=\"\" class=\"wp-image-3131\" \/><\/a><\/figure>\n<\/div>\n\n\n\n<div class=\"wp-block-column dcpt--cols-two-right is-layout-flow wp-block-column-is-layout-flow\" style=\"flex-basis:50%\">\n<h2 class=\"wp-block-heading dcpt--cols-title\" style=\"font-size:1.2rem\">VITANA Hundeprodukte<\/h2>\n\n\n\n<p class=\"has-text-align-left dcpt--cols-text\">Gl\u00e4nzendes Fell, gesunde Knochen und Z\u00e4hne, Vitalit\u00e4t und Sprungkraft bis ins hohe Alter \u2013 das sind nur einige der Dinge, die Hundehalter sich f\u00fcr ihre Lieblinge w\u00fcnschen. Die Nahrungserg\u00e4nzungsmittel von VITANA k\u00f6nnen einen wichtigen Beitrag zur Erreichung dieser&nbsp;W\u00fcnsche leisten und die Gesundheit Ihres Tieres unterst\u00fctzen.&nbsp;Unsere Produkte eignen sich f\u00fcr Hunde aller Rassen, jeden Alters und&nbsp;unabh\u00e4ngig vom&nbsp;Aktivit\u00e4tsgrad \u2013 perfekt auch&nbsp;zur BARF-F\u00fctterung.<\/p>\n\n\n\n<div class=\"wp-block-buttons is-content-justification-center is-layout-flex wp-container-core-buttons-is-layout-4 wp-block-buttons-is-layout-flex\">\n<div class=\"wp-block-button\"><a class=\"wp-block-button__link wp-element-button\" href=\"https:\/\/vitana.ch\/nahrungserganzung-snacks-hunde\/\">VITANA f\u00fcr Hunde<\/a><\/div>\n<\/div>\n<\/div>\n<\/div>\n<\/div><\/section>\n\n\n\n<div class=\"wp-block-group dcpt--content dcpt--fullwidth dcpt--shop dcpt--hidden\"><div class=\"wp-block-group__inner-container is-layout-flow wp-block-group-is-layout-flow\">\n<div style=\"height:30px\" aria-hidden=\"true\" class=\"wp-block-spacer\"><\/div>\n\n\n\n<p class=\"has-text-align-center dcpt--topic dcpt--center\" style=\"font-size:1rem\">ARTIKEL F\u00dcR HUNDE<\/p>\n\n\n\n<h2 class=\"wp-block-heading has-text-align-center dcpt--topic-headline\"><strong>VITANA \u2013 f\u00fcr jeden Hund<\/strong><\/h2>\n\n\n\n<p class=\"has-text-align-center dcpt--topic-content\" style=\"font-size:1.2rem\">Egal ob Familienhund,&nbsp;Sporthund, Therapiehund, Jagdhund, Wachhund, Trainingspartner oder treuer Begleiter: Ihr Hund leistet jeden Tag&nbsp;Enormes. Damit&nbsp;er daf\u00fcr die n\u00f6tige Energie bekommt und langfristig gesund bleibt, braucht er die richtige Ern\u00e4hrung und Pflege. Die VITANA Hundeprodukte helfen Ihnen t\u00e4glich dabei, Ihrem Hund alles zu geben, was er braucht.<\/p>\n\n\n\n<div style=\"height:30px\" aria-hidden=\"true\" class=\"wp-block-spacer\"><\/div>\n\n\n\n<div class=\"wp-block-columns is-layout-flex wp-container-core-columns-is-layout-3 wp-block-columns-is-layout-flex\">\n<div class=\"wp-block-column is-layout-flow wp-block-column-is-layout-flow\" style=\"flex-basis:66.66%\"><\/div>\n\n\n\n<div class=\"wp-block-column is-vertically-aligned-center dcpt--shop-link is-layout-flow wp-block-column-is-layout-flow\" style=\"flex-basis:33.33%\">\n<p class=\"has-text-align-center has-x-large-font-size\" style=\"font-style:normal;font-weight:300\"><a href=\"https:\/\/vitana.ch\/shop?filter_tierart=tierart-hunde\">+<\/a><\/p>\n<\/div>\n<\/div>\n<\/div><\/div>\n\n\n\n<section id=\"vitana-katzen\" class=\"wp-block-group dcpt--content dcpt--fullwidth dcpt--rtl nobtm dcpt--hidden\"><div class=\"wp-block-group__inner-container is-layout-flow wp-block-group-is-layout-flow\">\n<div class=\"wp-block-columns alignfull dcpt--block-produkte is-layout-flex wp-container-core-columns-is-layout-4 wp-block-columns-is-layout-flex\">\n<div class=\"wp-block-column dcpt--cols-two-left is-layout-flow wp-block-column-is-layout-flow\" style=\"flex-basis:50%\">\n<figure class=\"wp-block-image size-large\"><a href=\"https:\/\/vitana.ch\/nahrungserganzung-snacks-katzen\/\"><img decoding=\"async\" src=\"https:\/\/vitana.ch\/wp-content\/uploads\/2022\/06\/vitana_katzen_teaser-1024x683.jpg\" alt=\"\" class=\"wp-image-3154\" \/><\/a><\/figure>\n<\/div>\n\n\n\n<div class=\"wp-block-column dcpt--cols-two-right is-layout-flow wp-block-column-is-layout-flow\" style=\"flex-basis:50%\">\n<h2 class=\"wp-block-heading dcpt--cols-title\"><strong>VITANA Katzenprodukte<\/strong><\/h2>\n\n\n\n<p class=\"has-text-align-left dcpt--cols-text\">Jede Katze ist einzigartig. Von der sanften Schmusekatze \u00fcber den verspielten Spielgef\u00e4hrten bis zum verwegenen J\u00e4ger gibt es wohl alle Zwischenstufen. Genauso vielf\u00e4ltig sind die Nahrungsbed\u00fcrfnisse Ihrer Katze. Mit den wertvollen Erg\u00e4nzungsnahrungsmitteln von VITANA unterst\u00fctzen Sie Ihre Samtpfote nachhaltig bis ins hohe Alter, damit Ihr Stubentiger noch lange zufrieden schnurrt.<\/p>\n\n\n\n<div class=\"wp-block-buttons is-content-justification-center is-layout-flex wp-container-core-buttons-is-layout-5 wp-block-buttons-is-layout-flex\">\n<div class=\"wp-block-button\"><a class=\"wp-block-button__link wp-element-button\" href=\"https:\/\/vitana.ch\/nahrungserganzung-snacks-katzen\/\">VITANA f\u00fcr Katzen<\/a><\/div>\n<\/div>\n<\/div>\n<\/div>\n<\/div><\/section>\n\n\n\n<div class=\"wp-block-group dcpt--content dcpt--fullwidth dcpt--shop dcpt--hidden\"><div class=\"wp-block-group__inner-container is-layout-flow wp-block-group-is-layout-flow\">\n<div style=\"height:30px\" aria-hidden=\"true\" class=\"wp-block-spacer\"><\/div>\n\n\n\n<p class=\"has-text-align-center dcpt--topic dcpt--center\" style=\"font-size:1rem\">ARTIKEL F\u00dcR KATZEN<\/p>\n\n\n\n<h2 class=\"wp-block-heading has-text-align-center dcpt--topic-headline\"><strong><strong>VITANA \u2013 ein Plus f\u00fcr jede Katze<\/strong><\/strong><\/h2>\n\n\n\n<p class=\"has-text-align-center dcpt--topic-content\" style=\"font-size:1.2rem\">Auch anspruchsvolle Katzen werden die Produkte von VITANA lieben. Dar\u00fcber hinaus werden Gesundheit und Wohlbefinden gef\u00f6rdert. Ein&nbsp;Gewinn auf der ganzen Linie f\u00fcr Sie und Ihre Katze.&nbsp;<\/p>\n\n\n\n<div style=\"height:30px\" aria-hidden=\"true\" class=\"wp-block-spacer\"><\/div>\n\n\n\n<div class=\"wp-block-columns is-layout-flex wp-container-core-columns-is-layout-5 wp-block-columns-is-layout-flex\">\n<div class=\"wp-block-column is-layout-flow wp-block-column-is-layout-flow\" style=\"flex-basis:66.66%\"><\/div>\n\n\n\n<div class=\"wp-block-column is-vertically-aligned-center dcpt--shop-link is-layout-flow wp-block-column-is-layout-flow\" style=\"flex-basis:33.33%\">\n<p class=\"has-text-align-center has-x-large-font-size\" style=\"font-style:normal;font-weight:300\"><a href=\"https:\/\/vitana.ch\/shop?filter_tierart=tierart-katzen\">+<\/a><\/p>\n<\/div>\n<\/div>\n<\/div><\/div>\n\n\n\n<section id=\"vitana-pferde\" class=\"wp-block-group dcpt--content dcpt--fullwidth nobtm dcpt--hidden\"><div class=\"wp-block-group__inner-container is-layout-flow wp-block-group-is-layout-flow\">\n<div class=\"wp-block-columns alignfull dcpt--block-produkte is-layout-flex wp-container-core-columns-is-layout-6 wp-block-columns-is-layout-flex\">\n<div class=\"wp-block-column dcpt--cols-two-left is-layout-flow wp-block-column-is-layout-flow\" style=\"flex-basis:50%\">\n<figure class=\"wp-block-image size-large\"><img decoding=\"async\" src=\"https:\/\/vitana.ch\/wp-content\/uploads\/2022\/06\/vitana_speed_pferde_header-1024x683.jpg\" alt=\"\" class=\"wp-image-3018\" \/><\/figure>\n<\/div>\n\n\n\n<div class=\"wp-block-column dcpt--cols-two-right is-layout-flow wp-block-column-is-layout-flow\" style=\"flex-basis:50%\">\n<h2 class=\"wp-block-heading dcpt--cols-title\"><strong>VITANA Pferdeprodukte<\/strong><\/h2>\n\n\n\n<p class=\"has-text-align-left dcpt--cols-text\">Reiten als Hobby boomt. Das Pferd als Freizeitpartner erh\u00e4lt einen immer h\u00f6heren Stellenwert \u2013 insbesondere bei der j\u00fcngeren Generation. Ob Freizeit- oder Sportpferd: Eine ausgewogene Ern\u00e4hrung und eine gute Pflege hat bei allen Pferdefreunden einen hohen Stellenwert. VITANA bietet eine breite Palette an qualitativ hochstehenden Nahrungserg\u00e4nzungen an.<\/p>\n\n\n\n<div class=\"wp-block-buttons is-content-justification-center is-layout-flex wp-container-core-buttons-is-layout-6 wp-block-buttons-is-layout-flex\">\n<div class=\"wp-block-button\"><a class=\"wp-block-button__link wp-element-button\" href=\"https:\/\/vitana.ch\/nahrungserganzung-snacks-pflege-pferde\/\">VITANA f\u00fcr Pferde<\/a><\/div>\n<\/div>\n<\/div>\n<\/div>\n<\/div><\/section>\n\n\n\n<div class=\"wp-block-group dcpt--content dcpt--fullwidth dcpt--shop dcpt--hidden\"><div class=\"wp-block-group__inner-container is-layout-flow wp-block-group-is-layout-flow\">\n<div style=\"height:30px\" aria-hidden=\"true\" class=\"wp-block-spacer\"><\/div>\n\n\n\n<p class=\"has-text-align-center dcpt--topic dcpt--center\" style=\"font-size:1rem\">VITANA F\u00dcR PFERDE<\/p>\n\n\n\n<h2 class=\"wp-block-heading has-text-align-center dcpt--topic-headline\"><strong><strong><strong>VITANA \u2013 mit Leidenschaft f\u00fcr Pferde&nbsp;<\/strong><\/strong><\/strong><\/h2>\n\n\n\n<p class=\"has-text-align-center dcpt--topic-content\" style=\"font-size:1.2rem\">Hochwertige Nahrungserg\u00e4nzungen und wertvolle Futterzus\u00e4tze unterst\u00fctzen die Gesundheit Ihres Pferdes, erh\u00f6hen seine Vitalit\u00e4t und steigern&nbsp;die Lebensfreude. Optimal geeignet f\u00fcr Familien- und Freizeitpferde, Hochleistungspferde, Kleinpferde und Ponys, Fohlen und auch \u00e4ltere Pferde sowie Esel.<\/p>\n\n\n\n<div style=\"height:30px\" aria-hidden=\"true\" class=\"wp-block-spacer\"><\/div>\n\n\n\n<div class=\"wp-block-columns is-layout-flex wp-container-core-columns-is-layout-7 wp-block-columns-is-layout-flex\">\n<div class=\"wp-block-column is-layout-flow wp-block-column-is-layout-flow\" style=\"flex-basis:66.66%\"><\/div>\n\n\n\n<div class=\"wp-block-column is-vertically-aligned-center dcpt--shop-link is-layout-flow wp-block-column-is-layout-flow\" style=\"flex-basis:33.33%\">\n<p class=\"has-text-align-center has-x-large-font-size\" style=\"font-style:normal;font-weight:300\"><a href=\"https:\/\/vitana.ch\/shop\/?filter_marke=marke-vitana&amp;filter_tierart=tierart-pferde\">+<\/a><\/p>\n<\/div>\n<\/div>\n<\/div><\/div>\n\n\n\n<div id=\"speed-pferde\" class=\"wp-block-group dcpt--content dcpt--fullwidth dcpt--shop dcpt--hidden\"><div class=\"wp-block-group__inner-container is-layout-flow wp-block-group-is-layout-flow\">\n<div style=\"height:30px\" aria-hidden=\"true\" class=\"wp-block-spacer\"><\/div>\n\n\n\n<p class=\"has-text-align-center dcpt--topic dcpt--center\" style=\"font-size:1rem\">SPEED F\u00dcR PFERDE<\/p>\n\n\n\n<h2 class=\"wp-block-heading has-text-align-center dcpt--topic-headline\"><strong><strong><strong><strong>SPEED \u2013 since 1963 horsecare with passion<\/strong><\/strong><\/strong><\/strong><\/h2>\n\n\n\n<p class=\"has-text-align-center dcpt--topic-content\" style=\"font-size:1.2rem\">Im Mittelpunkt stehen das Wohlergehen und die Lebensfreude des vierbeinigen Begleiters. SPEED unterst\u00fctzt Pferde mit der langj\u00e4hrigen Erfahrung in den unterschiedlichsten Situationen stets optimal, zielgerichtet und effizient. Ob hochkonzentriertes Mineralfutter zur effizienten Unterst\u00fctzung des N\u00e4hrstoffhaushaltes des Pferdes, superschmackhafte Leckerli f\u00fcr das Lob zwischendurch, nat\u00fcrliche Kr\u00e4uterkraft f\u00fcr gl\u00e4nzendes Fell oder Skin-Protection zur schnellen Regeneration bei Mauke, Strahlf\u00e4ule und kleinen Hautverletzungen.<\/p>\n\n\n\n<div style=\"height:30px\" aria-hidden=\"true\" class=\"wp-block-spacer\"><\/div>\n\n\n\n<div class=\"wp-block-columns is-layout-flex wp-container-core-columns-is-layout-8 wp-block-columns-is-layout-flex\">\n<div class=\"wp-block-column is-layout-flow wp-block-column-is-layout-flow\" style=\"flex-basis:66.66%\"><\/div>\n\n\n\n<div class=\"wp-block-column is-vertically-aligned-center dcpt--shop-link is-layout-flow wp-block-column-is-layout-flow\" style=\"flex-basis:33.33%\">\n<p class=\"has-text-align-center has-x-large-font-size\" style=\"font-style:normal;font-weight:300\"><a href=\"https:\/\/vitana.ch\/shop\/?filter_marke=marke-speed\">+<\/a><\/p>\n<\/div>\n<\/div>\n<\/div><\/div>\n\n\n\n<div class=\"wp-block-group alignfull dcpt--content dcpt--header-cover has-white-color has-text-color has-background\" style=\"background-color:#78b424\"><div class=\"wp-block-group__inner-container is-layout-flow wp-block-group-is-layout-flow\">\n<div style=\"height:64px\" aria-hidden=\"true\" class=\"wp-block-spacer\"><\/div>\n\n\n\n<p class=\"has-text-align-center has-white-color has-text-color\" style=\"font-size:1rem;font-style:normal;font-weight:500\">VITANA &amp; PET+ME<\/p>\n\n\n\n<hr class=\"wp-block-separator has-text-color has-white-color has-css-opacity has-white-background-color has-background is-style-default\" \/>\n\n\n\n<h1 class=\"wp-block-heading has-text-align-center has-white-color has-text-color\" style=\"font-size:4rem\">BOUTIQUE EN LIGNE<\/h1>\n\n\n\n<p class=\"has-text-align-center has-white-color has-text-color\" style=\"font-size:1.4rem;font-style:normal;font-weight:400\"><em>Compl\u00e9ments alimentaires, snacks et produits de soins pour votre animal<\/em><\/p>\n\n\n\n<div class=\"wp-block-buttons is-horizontal is-content-justification-center is-nowrap is-layout-flex wp-container-core-buttons-is-layout-7 wp-block-buttons-is-layout-flex\">\n<div class=\"wp-block-button has-custom-font-size is-style-fill\" style=\"font-size:1rem\"><a class=\"wp-block-button__link has-black-color has-white-background-color has-text-color has-background wp-element-button\" href=\"https:\/\/vitana.ch\/fr\/shop\/\" style=\"border-radius:11px\"><strong>VERS LA BOUTIQUE<\/strong><\/a><\/div>\n<\/div>\n\n\n\n<div style=\"height:64px\" aria-hidden=\"true\" class=\"wp-block-spacer\"><\/div>\n<\/div><\/div>\n","protected":false},"excerpt":{"rendered":"<p>VITANA &amp; PET+ME Compl\u00e9ments alimentaires, snacks et articles de soins Avec VITANA et pet+me, vous disposez d\u2019un grand choix de<\/p>\n","protected":false},"author":5,"featured_media":0,"parent":0,"menu_order":0,"comment_status":"open","ping_status":"open","template":"","meta":{"footnotes":""},"_links":{"self":[{"href":"https:\/\/vitana.ch\/fr\/wp-json\/wp\/v2\/pages\/24"}],"collection":[{"href":"https:\/\/vitana.ch\/fr\/wp-json\/wp\/v2\/pages"}],"about":[{"href":"https:\/\/vitana.ch\/fr\/wp-json\/wp\/v2\/types\/page"}],"author":[{"embeddable":true,"href":"https:\/\/vitana.ch\/fr\/wp-json\/wp\/v2\/users\/5"}],"replies":[{"embeddable":true,"href":"https:\/\/vitana.ch\/fr\/wp-json\/wp\/v2\/comments?post=24"}],"version-history":[{"count":0,"href":"https:\/\/vitana.ch\/fr\/wp-json\/wp\/v2\/pages\/24\/revisions"}],"wp:attachment":[{"href":"https:\/\/vitana.ch\/fr\/wp-json\/wp\/v2\/media?parent=24"}],"curies":[{"name":"wp","href":"https:\/\/api.w.org\/{rel}","templated":true}]}}