{"id":12043,"date":"2026-04-19T09:20:25","date_gmt":"2026-04-19T07:20:25","guid":{"rendered":"https:\/\/vitana.ch\/fr\/shop\/unkategorisiert\/vitana-estomac-et-intestin-chiens\/"},"modified":"2026-04-19T10:40:19","modified_gmt":"2026-04-19T08:40:19","slug":"vitana-estomac-et-intestin-chiens","status":"publish","type":"product","link":"https:\/\/vitana.ch\/fr\/shop\/chiens\/nourriture-complementaire-chiens\/vitana-estomac-et-intestin-chiens\/","title":{"rendered":"VITANA Estomac et intestin"},"content":{"rendered":"<p>Ce m\u00e9lange sp\u00e9cial et raffin\u00e9 compos\u00e9 de cumin, de sauge, de m\u00e9lisse, de camomille, de plantain des Indes, de caroube, de germes de bl\u00e9 et de graines de chia est id\u00e9al pour les chiens souffrant de probl\u00e8mes gastriques et intestinaux. La camomille a des propri\u00e9t\u00e9s antibact\u00e9riennes et anti-inflammatoires. La m\u00e9lisse soutient le fonctionnement naturel du syst\u00e8me nerveux.<\/p>\n","protected":false},"excerpt":{"rendered":"<p><P>Ce m\u00e9lange sp\u00e9cial de plantes soutient l\u2019\u00e9quilibre du tractus gastro-intestinal. La camomille et la m\u00e9lisse ont un effet bienfaisant et apaisant en cas de troubles digestifs.<\/P><\/p>\n","protected":false},"featured_media":2870,"template":"","meta":[],"product_cat":[18,19,22],"product_tag":[169,594,162,486,192,255,488,164],"_links":{"self":[{"href":"https:\/\/vitana.ch\/fr\/wp-json\/wp\/v2\/product\/12043"}],"collection":[{"href":"https:\/\/vitana.ch\/fr\/wp-json\/wp\/v2\/product"}],"about":[{"href":"https:\/\/vitana.ch\/fr\/wp-json\/wp\/v2\/types\/product"}],"wp:featuredmedia":[{"embeddable":true,"href":"https:\/\/vitana.ch\/fr\/wp-json\/wp\/v2\/media\/2870"}],"wp:attachment":[{"href":"https:\/\/vitana.ch\/fr\/wp-json\/wp\/v2\/media?parent=12043"}],"wp:term":[{"taxonomy":"product_cat","embeddable":true,"href":"https:\/\/vitana.ch\/fr\/wp-json\/wp\/v2\/product_cat?post=12043"},{"taxonomy":"product_tag","embeddable":true,"href":"https:\/\/vitana.ch\/fr\/wp-json\/wp\/v2\/product_tag?post=12043"}],"curies":[{"name":"wp","href":"https:\/\/api.w.org\/{rel}","templated":true}]}}