{"id":12054,"date":"2026-04-16T16:25:26","date_gmt":"2026-04-16T14:25:26","guid":{"rendered":"https:\/\/vitana.ch\/fr\/shop\/unkategorisiert\/vitana-levure-de-bire-chiens\/"},"modified":"2026-04-17T00:40:19","modified_gmt":"2026-04-16T22:40:19","slug":"vitana-levure-de-bire-chiens","status":"publish","type":"product","link":"https:\/\/vitana.ch\/fr\/shop\/chiens\/nourriture-complementaire-chiens\/vitana-levure-de-bire-chiens\/","title":{"rendered":"VITANA Levure de bi\u00e8re"},"content":{"rendered":"<p>La levure de bi\u00e8re contient 18 acides amin\u00e9s essentiels, toutes les vitamines du groupe B ainsi que de la biotine. Ceux-ci soutiennent les processus de respiration, de d\u00e9toxification et d\u2019activation enzymatique. La biotine favorise un pelage sain, dense et brillant, et renforce et consolide les griffes. La levure de bi\u00e8re aide \u00e9galement en cas de fatigue, ainsi que le m\u00e9tabolisme capillaire au printemps et en automne. En cas d\u2019inflammation de l\u2019intestin, l\u2019administration de levure de bi\u00e8re peut \u00e9galement \u00eatre b\u00e9n\u00e9fique. Les cultures de levure de bi\u00e8re sont capables de renforcer les bact\u00e9ries qui d\u00e9composent la cellulose dans l\u2019intestin, et de d\u00e9poser un film protecteur sur la muqueuse intestinale.<\/p>\n","protected":false},"excerpt":{"rendered":"<p><P>18 acides amin\u00e9s vitaux soutiennent le m\u00e9tabolisme, les vitamines B les processus de respiration et d\u00e9sintoxication et d&rsquo;activation enzymatique. La biotine est b\u00e9n\u00e9fique au pelage.<\/P><\/p>\n","protected":false},"featured_media":2881,"template":"","meta":[],"product_cat":[18,19,23],"product_tag":[495],"_links":{"self":[{"href":"https:\/\/vitana.ch\/fr\/wp-json\/wp\/v2\/product\/12054"}],"collection":[{"href":"https:\/\/vitana.ch\/fr\/wp-json\/wp\/v2\/product"}],"about":[{"href":"https:\/\/vitana.ch\/fr\/wp-json\/wp\/v2\/types\/product"}],"wp:featuredmedia":[{"embeddable":true,"href":"https:\/\/vitana.ch\/fr\/wp-json\/wp\/v2\/media\/2881"}],"wp:attachment":[{"href":"https:\/\/vitana.ch\/fr\/wp-json\/wp\/v2\/media?parent=12054"}],"wp:term":[{"taxonomy":"product_cat","embeddable":true,"href":"https:\/\/vitana.ch\/fr\/wp-json\/wp\/v2\/product_cat?post=12054"},{"taxonomy":"product_tag","embeddable":true,"href":"https:\/\/vitana.ch\/fr\/wp-json\/wp\/v2\/product_tag?post=12054"}],"curies":[{"name":"wp","href":"https:\/\/api.w.org\/{rel}","templated":true}]}}