{"id":12057,"date":"2026-04-16T09:20:40","date_gmt":"2026-04-16T07:20:40","guid":{"rendered":"https:\/\/vitana.ch\/fr\/shop\/unkategorisiert\/vitana-sticks-de-levure-plus-chiens\/"},"modified":"2026-04-16T11:40:22","modified_gmt":"2026-04-16T09:40:22","slug":"vitana-sticks-de-levure-plus-chiens","status":"publish","type":"product","link":"https:\/\/vitana.ch\/fr\/shop\/chiens\/nourriture-complementaire-chiens\/vitana-sticks-de-levure-plus-chiens\/","title":{"rendered":"VITANA Sticks de levure Plus"},"content":{"rendered":"<p>La levure active fournit des vitamines du groupe B, des acides amin\u00e9s et des min\u00e9raux importants. Elle soutient le m\u00e9tabolisme, favorise un pelage brillant, des griffes solides et un syst\u00e8me immunitaire stable. Elle peut aussi am\u00e9liorer la digestion et le bien-\u00eatre g\u00e9n\u00e9ral. Les germes de bl\u00e9 sont riches en vitamine E, vitamines du groupe B, acides gras insatur\u00e9s et prot\u00e9ines v\u00e9g\u00e9tales. Ils ont un effet antioxydant, renforcent la peau et le pelage, favorisent la sant\u00e9 cellulaire et la fertilit\u00e9, et contribuent \u00e0 l\u2019apport d\u2019\u00e9nergie. Le son de bl\u00e9 est riche en fibres qui stimulent le transit intestinal et r\u00e9gulent la digestion. Il peut aider en cas de constipation et soutenir la sant\u00e9 intestinale.<\/p>\n","protected":false},"excerpt":{"rendered":"<p><P>La levure active aux 18 acides amin\u00e9s essentiels, germes et son de bl\u00e9 stimule la vitalit\u00e9 et soutient la peau, le pelage, les griffes, la digestion et le syst\u00e8me immunitaire. <\/P><\/p>\n","protected":false},"featured_media":2884,"template":"","meta":[],"product_cat":[18,19],"product_tag":[486,212,494],"_links":{"self":[{"href":"https:\/\/vitana.ch\/fr\/wp-json\/wp\/v2\/product\/12057"}],"collection":[{"href":"https:\/\/vitana.ch\/fr\/wp-json\/wp\/v2\/product"}],"about":[{"href":"https:\/\/vitana.ch\/fr\/wp-json\/wp\/v2\/types\/product"}],"wp:featuredmedia":[{"embeddable":true,"href":"https:\/\/vitana.ch\/fr\/wp-json\/wp\/v2\/media\/2884"}],"wp:attachment":[{"href":"https:\/\/vitana.ch\/fr\/wp-json\/wp\/v2\/media?parent=12057"}],"wp:term":[{"taxonomy":"product_cat","embeddable":true,"href":"https:\/\/vitana.ch\/fr\/wp-json\/wp\/v2\/product_cat?post=12057"},{"taxonomy":"product_tag","embeddable":true,"href":"https:\/\/vitana.ch\/fr\/wp-json\/wp\/v2\/product_tag?post=12057"}],"curies":[{"name":"wp","href":"https:\/\/api.w.org\/{rel}","templated":true}]}}