{"id":12068,"date":"2026-04-15T16:25:44","date_gmt":"2026-04-15T14:25:44","guid":{"rendered":"https:\/\/vitana.ch\/fr\/shop\/unkategorisiert\/vitana-spcial-calcium-chiens\/"},"modified":"2026-04-15T19:40:18","modified_gmt":"2026-04-15T17:40:18","slug":"vitana-spcial-calcium-chiens","status":"publish","type":"product","link":"https:\/\/vitana.ch\/fr\/shop\/chiens\/nourriture-complementaire-chiens\/vitana-spcial-calcium-chiens\/","title":{"rendered":"VITANA Sp\u00e9cial calcium"},"content":{"rendered":"<p>Le calcium est un min\u00e9ral essentiel \u00e0 la sant\u00e9 osseuse et dentaire, au fonctionnement des muscles et des nerfs, \u00e0 la coagulation sanguine et au m\u00e9tabolisme cellulaire. Une carence peut entra\u00eener une faiblesse osseuse, des tremblements musculaires ou des troubles de la croissance, en particulier chez les chiots ou les chiennes gestantes. Le carbonate de calcium est une source de calcium facilement disponible. Toujours associer en m\u00eame temps \u00e0 la nourriture de la viande, du poisson, des abats, des fruits de mer ou d\u2019autres produits contenant du phosphore. Cette association permet aux chiens d\u2019assimiler le calcium de mani\u00e8re optimale.<\/p>\n","protected":false},"excerpt":{"rendered":"<p><P>Le calcium renforce os et dents, soutient muscles et nerfs, et aide aussi la coagulation sanguine et le m\u00e9tabolisme cellulaire. Id\u00e9al pour les chiennes allaitantes et gestantes.<\/P><\/p>\n","protected":false},"featured_media":2895,"template":"","meta":[],"product_cat":[18,19],"product_tag":[203,218],"_links":{"self":[{"href":"https:\/\/vitana.ch\/fr\/wp-json\/wp\/v2\/product\/12068"}],"collection":[{"href":"https:\/\/vitana.ch\/fr\/wp-json\/wp\/v2\/product"}],"about":[{"href":"https:\/\/vitana.ch\/fr\/wp-json\/wp\/v2\/types\/product"}],"wp:featuredmedia":[{"embeddable":true,"href":"https:\/\/vitana.ch\/fr\/wp-json\/wp\/v2\/media\/2895"}],"wp:attachment":[{"href":"https:\/\/vitana.ch\/fr\/wp-json\/wp\/v2\/media?parent=12068"}],"wp:term":[{"taxonomy":"product_cat","embeddable":true,"href":"https:\/\/vitana.ch\/fr\/wp-json\/wp\/v2\/product_cat?post=12068"},{"taxonomy":"product_tag","embeddable":true,"href":"https:\/\/vitana.ch\/fr\/wp-json\/wp\/v2\/product_tag?post=12068"}],"curies":[{"name":"wp","href":"https:\/\/api.w.org\/{rel}","templated":true}]}}