{"id":12071,"date":"2026-04-19T09:20:55","date_gmt":"2026-04-19T07:20:55","guid":{"rendered":"https:\/\/vitana.ch\/fr\/shop\/unkategorisiert\/vitana-magnsium-plus-chiens\/"},"modified":"2026-04-19T09:40:15","modified_gmt":"2026-04-19T07:40:15","slug":"vitana-magnsium-plus-chiens","status":"publish","type":"product","link":"https:\/\/vitana.ch\/fr\/shop\/chiens\/nourriture-complementaire-chiens\/vitana-magnsium-plus-chiens\/","title":{"rendered":"VITANA Magn\u00e9sium Plus"},"content":{"rendered":"<p>Sp\u00e9cialement con\u00e7u pour permettre aux chiens de vivre plus sereinement. Le magn\u00e9sium et le calcium stimulent les fonctions musculaires et nerveuses. Id\u00e9al pour les chiens stress\u00e9s. Le s\u00e9l\u00e9nium a un effet antioxydant et prot\u00e8ge les cellules contre les radicaux libres. La vitamine B12 est importante pour la formation du sang et soutient les processus m\u00e9taboliques. Un compl\u00e9ment cibl\u00e9 permet d\u2019am\u00e9liorer naturellement la concentration, la r\u00e9sistance et la capacit\u00e9 de r\u00e9g\u00e9n\u00e9ration.<\/p>\n","protected":false},"excerpt":{"rendered":"<p><P>Pour amener de la s\u00e9r\u00e9nit\u00e9 au chien. Gr\u00e2ce \u00e0 la suppl\u00e9mentation, la concentration, la r\u00e9silience et la capacit\u00e9 de r\u00e9g\u00e9n\u00e9ration s&rsquo;am\u00e9liorent naturellement \u2013 et le bien-\u00eatre aussi.<\/P><\/p>\n","protected":false},"featured_media":2898,"template":"","meta":[],"product_cat":[18,19],"product_tag":[203,491,156],"_links":{"self":[{"href":"https:\/\/vitana.ch\/fr\/wp-json\/wp\/v2\/product\/12071"}],"collection":[{"href":"https:\/\/vitana.ch\/fr\/wp-json\/wp\/v2\/product"}],"about":[{"href":"https:\/\/vitana.ch\/fr\/wp-json\/wp\/v2\/types\/product"}],"wp:featuredmedia":[{"embeddable":true,"href":"https:\/\/vitana.ch\/fr\/wp-json\/wp\/v2\/media\/2898"}],"wp:attachment":[{"href":"https:\/\/vitana.ch\/fr\/wp-json\/wp\/v2\/media?parent=12071"}],"wp:term":[{"taxonomy":"product_cat","embeddable":true,"href":"https:\/\/vitana.ch\/fr\/wp-json\/wp\/v2\/product_cat?post=12071"},{"taxonomy":"product_tag","embeddable":true,"href":"https:\/\/vitana.ch\/fr\/wp-json\/wp\/v2\/product_tag?post=12071"}],"curies":[{"name":"wp","href":"https:\/\/api.w.org\/{rel}","templated":true}]}}