{"id":12104,"date":"2026-04-16T16:26:10","date_gmt":"2026-04-16T14:26:10","guid":{"rendered":"https:\/\/vitana.ch\/fr\/shop\/unkategorisiert\/vitana-ail-en-cubes-chiens\/"},"modified":"2026-04-16T22:40:19","modified_gmt":"2026-04-16T20:40:19","slug":"vitana-ail-en-cubes-chiens","status":"publish","type":"product","link":"https:\/\/vitana.ch\/fr\/shop\/chiens\/nourriture-complementaire-chiens\/vitana-ail-en-cubes-chiens\/","title":{"rendered":"VITANA Ail en cubes"},"content":{"rendered":"<p>L\u2019ail peut avoir de multiples effets positifs. Il favorise la digestion et soutient la flore intestinale, de sorte que les vers et les parasites intestinaux ont du mal \u00e0 r\u00e9sister. De plus, il renforce la r\u00e9sistance aux maladies, peut soulager des probl\u00e8mes de peau tels que l\u2019ecz\u00e9ma, et a un effet antibact\u00e9rien, antiviral, purifiant le sang et am\u00e9liorant les performances. L\u2019ail contient des huiles essentielles de grande qualit\u00e9, des vitamines naturelles (A, B, C), des min\u00e9raux importants comme le potassium et le s\u00e9l\u00e9nium ainsi que des antioxydants.<\/p>\n","protected":false},"excerpt":{"rendered":"<p><P>L&rsquo;ail peut agir positivement de fa\u00e7on vari\u00e9e. Il favorise la digestion et soutient la flore intestinale, de sorte que vers et parasites intestinaux ont du mal.<\/P><\/p>\n","protected":false},"featured_media":2932,"template":"","meta":[],"product_cat":[18,19],"product_tag":[176],"_links":{"self":[{"href":"https:\/\/vitana.ch\/fr\/wp-json\/wp\/v2\/product\/12104"}],"collection":[{"href":"https:\/\/vitana.ch\/fr\/wp-json\/wp\/v2\/product"}],"about":[{"href":"https:\/\/vitana.ch\/fr\/wp-json\/wp\/v2\/types\/product"}],"wp:featuredmedia":[{"embeddable":true,"href":"https:\/\/vitana.ch\/fr\/wp-json\/wp\/v2\/media\/2932"}],"wp:attachment":[{"href":"https:\/\/vitana.ch\/fr\/wp-json\/wp\/v2\/media?parent=12104"}],"wp:term":[{"taxonomy":"product_cat","embeddable":true,"href":"https:\/\/vitana.ch\/fr\/wp-json\/wp\/v2\/product_cat?post=12104"},{"taxonomy":"product_tag","embeddable":true,"href":"https:\/\/vitana.ch\/fr\/wp-json\/wp\/v2\/product_tag?post=12104"}],"curies":[{"name":"wp","href":"https:\/\/api.w.org\/{rel}","templated":true}]}}