{"id":12116,"date":"2026-05-01T16:21:40","date_gmt":"2026-05-01T14:21:40","guid":{"rendered":"https:\/\/vitana.ch\/fr\/shop\/unkategorisiert\/vitana-algues-du-pacifique-chiens\/"},"modified":"2026-05-01T17:40:21","modified_gmt":"2026-05-01T15:40:21","slug":"vitana-algues-du-pacifique-chiens","status":"publish","type":"product","link":"https:\/\/vitana.ch\/fr\/shop\/chiens\/nourriture-complementaire-chiens\/vitana-algues-du-pacifique-chiens\/","title":{"rendered":"VITANA Algues du Pacifique"},"content":{"rendered":"<p>La poudre d\u2019algues marines Pacific est un produit 100\u00a0% naturel \u2013 riche en iode (379mg\/kg), phosphore et d\u2019autres pr\u00e9cieux min\u00e9raux et oligo\u00e9l\u00e9ments. Soutient naturellement la thyro\u00efde, am\u00e9liore l\u2019assimilation des aliments et favorise la digestion. Les algues marines contribuent \u00e0 la sant\u00e9 bucco-dentaire et renforcent le pelage, la peau et les griffes. Son effet intensificateur naturel de pigmentation est particuli\u00e8rement appr\u00e9ci\u00e9 \u2013 pour des couleurs plus intenses aux niveaux du pelage, de la truffe, des yeux et des pattes. R\u00e9guli\u00e8rement m\u00e9lang\u00e9es \u00e0 la nourriture (au moins une fois par semaine), les algues marines peuvent pr\u00e9venir les carences et am\u00e9liorer la vitalit\u00e9.<\/p>\n","protected":false},"excerpt":{"rendered":"<p><P>Riche en iode, min\u00e9raux et substances vitales. Soutient la thyro\u00efde, le m\u00e9tabolisme, la fonction h\u00e9patique et r\u00e9nale et la digestion. Intensificateur naturel de pigmentation.<\/P><\/p>\n","protected":false},"featured_media":2943,"template":"","meta":[],"product_cat":[18,19],"product_tag":[239],"_links":{"self":[{"href":"https:\/\/vitana.ch\/fr\/wp-json\/wp\/v2\/product\/12116"}],"collection":[{"href":"https:\/\/vitana.ch\/fr\/wp-json\/wp\/v2\/product"}],"about":[{"href":"https:\/\/vitana.ch\/fr\/wp-json\/wp\/v2\/types\/product"}],"wp:featuredmedia":[{"embeddable":true,"href":"https:\/\/vitana.ch\/fr\/wp-json\/wp\/v2\/media\/2943"}],"wp:attachment":[{"href":"https:\/\/vitana.ch\/fr\/wp-json\/wp\/v2\/media?parent=12116"}],"wp:term":[{"taxonomy":"product_cat","embeddable":true,"href":"https:\/\/vitana.ch\/fr\/wp-json\/wp\/v2\/product_cat?post=12116"},{"taxonomy":"product_tag","embeddable":true,"href":"https:\/\/vitana.ch\/fr\/wp-json\/wp\/v2\/product_tag?post=12116"}],"curies":[{"name":"wp","href":"https:\/\/api.w.org\/{rel}","templated":true}]}}