{"id":12224,"date":"2026-05-01T09:31:18","date_gmt":"2026-05-01T07:31:18","guid":{"rendered":"https:\/\/vitana.ch\/fr\/shop\/unkategorisiert\/vitana-barfer-plus-chiens\/"},"modified":"2026-05-01T13:40:21","modified_gmt":"2026-05-01T11:40:21","slug":"vitana-barfer-plus-chiens","status":"publish","type":"product","link":"https:\/\/vitana.ch\/fr\/shop\/chiens\/nourriture-complementaire-chiens\/vitana-barfer-plus-chiens\/","title":{"rendered":"VITANA BARF&rsquo;er Plus"},"content":{"rendered":"<p>Ce produit est un compl\u00e9ment de grande qualit\u00e9 pour les chiens nourris avec de la viande fra\u00eeche (BARF) ou des aliments faits maison. La recette contient un m\u00e9lange de l\u00e9gumes secs et de plantes qui fournissent des fibres et des substances v\u00e9g\u00e9tales secondaires importantes pour une bonne digestion. La caroube et les germes de bl\u00e9 stimulent l\u2019app\u00e9tit et soutiennent le m\u00e9tabolisme. Les graines de plantain des Indes stimulent la fonction intestinale et am\u00e9liorent la valorisation des aliments. Un complexe riche en vitamines A, B1, B2, B6, B12, C, D3, E, niacine et acide pantoth\u00e9nique apporte des micronutriments essentiels. Les min\u00e9raux et les oligo\u00e9l\u00e9ments comme le calcium, le fer, le magn\u00e9sium, le zinc, le cuivre et l\u2019iode renforcent le syst\u00e8me immunitaire, les os, la peau et les nerfs. Pour un apport optimal, il est recommand\u00e9 de compl\u00e9ter chaque jour l\u2019alimentation avec 1 \u00e0 2 cs d\u2019huile press\u00e9e \u00e0 froid \u2013 pour des acides gras essentiels et une meilleure assimilation des vitamines.<\/p>\n","protected":false},"excerpt":{"rendered":"<p><P>M\u00e9lange de nutriments tout-en-un: avec des l\u00e9gumes secs, plantes, germes de bl\u00e9, vitamines et min\u00e9raux \u2013 un compl\u00e9ment id\u00e9al \u00e0 la viande fra\u00eeche ou aux repas faits maison.<\/P><\/p>\n","protected":false},"featured_media":3043,"template":"","meta":[],"product_cat":[18,19],"product_tag":[493,203,594,208,207,204,486,255,210,507,502,491,492,200,209,199,205],"_links":{"self":[{"href":"https:\/\/vitana.ch\/fr\/wp-json\/wp\/v2\/product\/12224"}],"collection":[{"href":"https:\/\/vitana.ch\/fr\/wp-json\/wp\/v2\/product"}],"about":[{"href":"https:\/\/vitana.ch\/fr\/wp-json\/wp\/v2\/types\/product"}],"wp:featuredmedia":[{"embeddable":true,"href":"https:\/\/vitana.ch\/fr\/wp-json\/wp\/v2\/media\/3043"}],"wp:attachment":[{"href":"https:\/\/vitana.ch\/fr\/wp-json\/wp\/v2\/media?parent=12224"}],"wp:term":[{"taxonomy":"product_cat","embeddable":true,"href":"https:\/\/vitana.ch\/fr\/wp-json\/wp\/v2\/product_cat?post=12224"},{"taxonomy":"product_tag","embeddable":true,"href":"https:\/\/vitana.ch\/fr\/wp-json\/wp\/v2\/product_tag?post=12224"}],"curies":[{"name":"wp","href":"https:\/\/api.w.org\/{rel}","templated":true}]}}