{"id":12246,"date":"2026-04-14T09:31:09","date_gmt":"2026-04-14T07:31:09","guid":{"rendered":"https:\/\/vitana.ch\/fr\/shop\/unkategorisiert\/vitana-hufamin-chevaux\/"},"modified":"2026-04-14T09:40:18","modified_gmt":"2026-04-14T07:40:18","slug":"vitana-hufamin-chevaux","status":"publish","type":"product","link":"https:\/\/vitana.ch\/fr\/shop\/chevaux\/nourriture-complementaire-chevaux\/vitana-hufamin-chevaux\/","title":{"rendered":"VITANA Hufamin"},"content":{"rendered":"<p>Renforce la corne, les os, la robe et la peau. La constitution du sabot est complexe. Les nutriments principaux doivent donc d\u00e9j\u00e0 \u00eatre compris dans l\u2019alimentation pour assurer un d\u00e9veloppement sain. HUFAMIN a \u00e9t\u00e9 sp\u00e9cialement d\u00e9velopp\u00e9 pour assurer une croissance optimale des sabots aux chevaux souffrant de probl\u00e8mes \u00e0 ce niveau (ce qui peut entra\u00eener des blessures permanentes, une boiterie, un sabot qui se d\u00e9tache).<\/p>\n","protected":false},"excerpt":{"rendered":"<p><P>Soutient la croissance des sabots.<\/P><\/p>\n","protected":false},"featured_media":3066,"template":"","meta":[],"product_cat":[29,31,36],"product_tag":[],"_links":{"self":[{"href":"https:\/\/vitana.ch\/fr\/wp-json\/wp\/v2\/product\/12246"}],"collection":[{"href":"https:\/\/vitana.ch\/fr\/wp-json\/wp\/v2\/product"}],"about":[{"href":"https:\/\/vitana.ch\/fr\/wp-json\/wp\/v2\/types\/product"}],"wp:featuredmedia":[{"embeddable":true,"href":"https:\/\/vitana.ch\/fr\/wp-json\/wp\/v2\/media\/3066"}],"wp:attachment":[{"href":"https:\/\/vitana.ch\/fr\/wp-json\/wp\/v2\/media?parent=12246"}],"wp:term":[{"taxonomy":"product_cat","embeddable":true,"href":"https:\/\/vitana.ch\/fr\/wp-json\/wp\/v2\/product_cat?post=12246"},{"taxonomy":"product_tag","embeddable":true,"href":"https:\/\/vitana.ch\/fr\/wp-json\/wp\/v2\/product_tag?post=12246"}],"curies":[{"name":"wp","href":"https:\/\/api.w.org\/{rel}","templated":true}]}}