{"id":12258,"date":"2026-04-16T09:30:02","date_gmt":"2026-04-16T07:30:02","guid":{"rendered":"https:\/\/vitana.ch\/fr\/shop\/unkategorisiert\/vitana-knobli-lckerli-chevaux\/"},"modified":"2026-04-16T09:32:07","modified_gmt":"2026-04-16T07:32:07","slug":"vitana-knobli-lckerli-chevaux","status":"publish","type":"product","link":"https:\/\/vitana.ch\/fr\/shop\/chevaux\/snacks-chevaux\/vitana-knobli-lckerli-chevaux\/","title":{"rendered":"VITANA Knobli-L\u00e4ckerli"},"content":{"rendered":"<p>Les L\u00e4ckerli \u00e0 l\u2019ail associent des ingr\u00e9dients naturels tels que le bl\u00e9 complet, la pomme et l\u2019ail pour en faire un compl\u00e9ment pr\u00e9cieux. Ils soutiennent en douceur le syst\u00e8me immunitaire, favorisent la digestion et aident \u00e0 \u00e9loigner les insectes. Une dose quotidienne de bien-\u00eatre et de sant\u00e9 pour le cheval.<\/p>\n","protected":false},"excerpt":{"rendered":"<p><P>Naturels et riches en pomme, les L\u00e4ckerli \u00e0 l\u2019ail boostent circulation, immunit\u00e9 et digestion, favorisent la sant\u00e9 des os et sabots, et prot\u00e8gent le cheval des insectes.<\/P><\/p>\n","protected":false},"featured_media":3077,"template":"","meta":[],"product_cat":[29,32],"product_tag":[176,513,218,300,512,511,265,610],"_links":{"self":[{"href":"https:\/\/vitana.ch\/fr\/wp-json\/wp\/v2\/product\/12258"}],"collection":[{"href":"https:\/\/vitana.ch\/fr\/wp-json\/wp\/v2\/product"}],"about":[{"href":"https:\/\/vitana.ch\/fr\/wp-json\/wp\/v2\/types\/product"}],"wp:featuredmedia":[{"embeddable":true,"href":"https:\/\/vitana.ch\/fr\/wp-json\/wp\/v2\/media\/3077"}],"wp:attachment":[{"href":"https:\/\/vitana.ch\/fr\/wp-json\/wp\/v2\/media?parent=12258"}],"wp:term":[{"taxonomy":"product_cat","embeddable":true,"href":"https:\/\/vitana.ch\/fr\/wp-json\/wp\/v2\/product_cat?post=12258"},{"taxonomy":"product_tag","embeddable":true,"href":"https:\/\/vitana.ch\/fr\/wp-json\/wp\/v2\/product_tag?post=12258"}],"curies":[{"name":"wp","href":"https:\/\/api.w.org\/{rel}","templated":true}]}}