{"id":12262,"date":"2026-04-19T09:30:02","date_gmt":"2026-04-19T07:30:02","guid":{"rendered":"https:\/\/vitana.ch\/fr\/shop\/unkategorisiert\/vitana-graines-de-lin-chevaux\/"},"modified":"2026-04-19T09:40:16","modified_gmt":"2026-04-19T07:40:16","slug":"vitana-graines-de-lin-chevaux","status":"publish","type":"product","link":"https:\/\/vitana.ch\/fr\/shop\/chevaux\/nourriture-complementaire-chevaux\/vitana-graines-de-lin-chevaux\/","title":{"rendered":"VITANA Graines de lin"},"content":{"rendered":"<p>Les graines de lin contiennent de pr\u00e9cieuses substances mucilagineuses et des fibres, des acides gras insatur\u00e9s tels que l\u2019acide linol\u00e9ique et l\u2019acide linol\u00e9nique, ainsi que des lipides naturels qui am\u00e9liorent le transit intestinal. Elles maintiennent la souplesse du contenu intestinal, ce qui a un effet apaisant sur les muqueuses gastriques et intestinales. Gr\u00e2ce \u00e0 leurs acides gras essentiels, les graines de lin favorisent une peau saine et un pelage brillant, en particulier lors de la mue. Gr\u00e2ce \u00e0 une peau mieux graiss\u00e9e, le cheval r\u00e9siste mieux aux intemp\u00e9ries. De plus, les graines de lin stimulent la lubrification des articulations et ont ainsi un effet positif sur l\u2019appareil locomoteur.<\/p>\n","protected":false},"excerpt":{"rendered":"<p><P>Les graines de lin riches en mucilages, fibres et AG insatur\u00e9s favorisent la digestion, l\u2019\u00e9clat du pelage, la sant\u00e9 de la peau et la fonction articulaire \u2013 id\u00e9ales lors de la mue.<\/P><\/p>\n","protected":false},"featured_media":3081,"template":"","meta":[],"product_cat":[29,31],"product_tag":[301],"_links":{"self":[{"href":"https:\/\/vitana.ch\/fr\/wp-json\/wp\/v2\/product\/12262"}],"collection":[{"href":"https:\/\/vitana.ch\/fr\/wp-json\/wp\/v2\/product"}],"about":[{"href":"https:\/\/vitana.ch\/fr\/wp-json\/wp\/v2\/types\/product"}],"wp:featuredmedia":[{"embeddable":true,"href":"https:\/\/vitana.ch\/fr\/wp-json\/wp\/v2\/media\/3081"}],"wp:attachment":[{"href":"https:\/\/vitana.ch\/fr\/wp-json\/wp\/v2\/media?parent=12262"}],"wp:term":[{"taxonomy":"product_cat","embeddable":true,"href":"https:\/\/vitana.ch\/fr\/wp-json\/wp\/v2\/product_cat?post=12262"},{"taxonomy":"product_tag","embeddable":true,"href":"https:\/\/vitana.ch\/fr\/wp-json\/wp\/v2\/product_tag?post=12262"}],"curies":[{"name":"wp","href":"https:\/\/api.w.org\/{rel}","templated":true}]}}