{"id":12298,"date":"2026-04-15T16:35:10","date_gmt":"2026-04-15T14:35:10","guid":{"rendered":"https:\/\/vitana.ch\/fr\/shop\/unkategorisiert\/vitana-moule-aux-orles-verts-chevaux\/"},"modified":"2026-04-16T08:40:19","modified_gmt":"2026-04-16T06:40:19","slug":"vitana-moule-aux-orles-verts-chevaux","status":"publish","type":"product","link":"https:\/\/vitana.ch\/fr\/shop\/chevaux\/nourriture-complementaire-chevaux\/vitana-moule-aux-orles-verts-chevaux\/","title":{"rendered":"VITANA Moule aux orles verts"},"content":{"rendered":"<p>Aliment compl\u00e9mentaire sp\u00e9cial \u00e0 base de concentr\u00e9 de moules \u00e0 l\u00e8vres vertes 100% pur pour des cartilages solides et des articulations stables &#8211; am\u00e9liorant ainsi la mobilit\u00e9 de votre cheval. En raison de leur capacit\u00e9 \u00e0 fixer l&rsquo;eau, les glycosaminoglycanes\/polysaccharides servent de substance d&rsquo;ossature \u00e9lastique dans les cartilages, les articulations, les tendons et le tissu conjonctif et soutiennent ainsi la mobilit\u00e9 de votre cheval jusqu&rsquo;\u00e0 un \u00e2ge avanc\u00e9.<\/p>\n","protected":false},"excerpt":{"rendered":"<p><P>Poudre de moule verte \u2013 un concentr\u00e9 pur \u00e0 100\u00a0% pour des articulations fortes. Glucosamine, chondro\u00eftine et om\u00e9ga-3 stimulent cartilage, mobilit\u00e9, peau, pelage et m\u00e9tabolisme.<\/P><\/p>\n","protected":false},"featured_media":3053,"template":"","meta":[],"product_cat":[29,31],"product_tag":[524],"_links":{"self":[{"href":"https:\/\/vitana.ch\/fr\/wp-json\/wp\/v2\/product\/12298"}],"collection":[{"href":"https:\/\/vitana.ch\/fr\/wp-json\/wp\/v2\/product"}],"about":[{"href":"https:\/\/vitana.ch\/fr\/wp-json\/wp\/v2\/types\/product"}],"wp:featuredmedia":[{"embeddable":true,"href":"https:\/\/vitana.ch\/fr\/wp-json\/wp\/v2\/media\/3053"}],"wp:attachment":[{"href":"https:\/\/vitana.ch\/fr\/wp-json\/wp\/v2\/media?parent=12298"}],"wp:term":[{"taxonomy":"product_cat","embeddable":true,"href":"https:\/\/vitana.ch\/fr\/wp-json\/wp\/v2\/product_cat?post=12298"},{"taxonomy":"product_tag","embeddable":true,"href":"https:\/\/vitana.ch\/fr\/wp-json\/wp\/v2\/product_tag?post=12298"}],"curies":[{"name":"wp","href":"https:\/\/api.w.org\/{rel}","templated":true}]}}