{"id":12382,"date":"2026-04-29T16:36:16","date_gmt":"2026-04-29T14:36:16","guid":{"rendered":"https:\/\/vitana.ch\/fr\/shop\/unkategorisiert\/vitana-thym-chevaux\/"},"modified":"2026-04-29T21:40:22","modified_gmt":"2026-04-29T19:40:22","slug":"vitana-thym-chevaux","status":"publish","type":"product","link":"https:\/\/vitana.ch\/fr\/shop\/chevaux\/nourriture-complementaire-chevaux\/vitana-thym-chevaux\/","title":{"rendered":"VITANA Thym"},"content":{"rendered":"<p>Le thym a un effet antispasmodique et d\u00e9sinfectant et par ailleurs il calme les refroidissements. L\u2019huile essentielle contenant du thymol (jusqu\u2019\u00e0 50%), du carvacrol, du born\u00e9ol, du cymol, un peu de tanin et des flavono\u00efdes est essentiellement b\u00e9n\u00e9fique aux poumons et aux bronches, \u00e0 l\u2019estomac et \u00e0 l\u2019intestin. Sous forme d\u2019infusion: verser 1 litre d\u2019eau bouillante dans une th\u00e9i\u00e8re contenant 1 cs de thym, laisser infuser 10 min., \u00e9goutter et servir ti\u00e8de.<\/p>\n","protected":false},"excerpt":{"rendered":"<p><P>Avec ses huiles essentielles et flavono\u00efdes, le thym a un effet antispasmodique et une action antimicrobienne sur les poumons, les bronches, l&rsquo;estomac et l\u2019intestin.<\/P><\/p>\n","protected":false},"featured_media":3183,"template":"","meta":[],"product_cat":[29,31],"product_tag":[174],"_links":{"self":[{"href":"https:\/\/vitana.ch\/fr\/wp-json\/wp\/v2\/product\/12382"}],"collection":[{"href":"https:\/\/vitana.ch\/fr\/wp-json\/wp\/v2\/product"}],"about":[{"href":"https:\/\/vitana.ch\/fr\/wp-json\/wp\/v2\/types\/product"}],"wp:featuredmedia":[{"embeddable":true,"href":"https:\/\/vitana.ch\/fr\/wp-json\/wp\/v2\/media\/3183"}],"wp:attachment":[{"href":"https:\/\/vitana.ch\/fr\/wp-json\/wp\/v2\/media?parent=12382"}],"wp:term":[{"taxonomy":"product_cat","embeddable":true,"href":"https:\/\/vitana.ch\/fr\/wp-json\/wp\/v2\/product_cat?post=12382"},{"taxonomy":"product_tag","embeddable":true,"href":"https:\/\/vitana.ch\/fr\/wp-json\/wp\/v2\/product_tag?post=12382"}],"curies":[{"name":"wp","href":"https:\/\/api.w.org\/{rel}","templated":true}]}}