{"id":12400,"date":"2026-04-15T16:36:25","date_gmt":"2026-04-15T14:36:25","guid":{"rendered":"https:\/\/vitana.ch\/fr\/shop\/unkategorisiert\/vitana-chardons-marie-chevaux\/"},"modified":"2026-04-15T20:40:18","modified_gmt":"2026-04-15T18:40:18","slug":"vitana-chardons-marie-chevaux","status":"publish","type":"product","link":"https:\/\/vitana.ch\/fr\/shop\/chevaux\/nourriture-complementaire-chevaux\/vitana-chardons-marie-chevaux\/","title":{"rendered":"VITANA Chardons-Marie"},"content":{"rendered":"<p>Le chardon-Marie figure parmi les meilleures plantes connues pour soulager, voire soigner toute fatigue et trouble du foie. Il est recommand\u00e9 de faire une cure de protection du foie 2 \u00e0 3 fois par an, juste \u00e0 titre pr\u00e9ventif et pour se d\u00e9barrasser des toxines environnementales des champs et de l&rsquo;air. Les graines de chardon-Marie peuvent \u00eatre distribu\u00e9es aux chevaux pendant longtemps sans craindre une irritation du foie. Elles peuvent aussi servir \u00e0 pr\u00e9parer une infusion servie ti\u00e8de.<\/p>\n","protected":false},"excerpt":{"rendered":"<p><P>Soutiennent de mani\u00e8re naturelle les probl\u00e8mes h\u00e9patiques. Peuvent \u00e9galement \u00eatre administr\u00e9s \u00e0 long terme.<\/P><\/p>\n","protected":false},"featured_media":3203,"template":"","meta":[],"product_cat":[29,31],"product_tag":[],"_links":{"self":[{"href":"https:\/\/vitana.ch\/fr\/wp-json\/wp\/v2\/product\/12400"}],"collection":[{"href":"https:\/\/vitana.ch\/fr\/wp-json\/wp\/v2\/product"}],"about":[{"href":"https:\/\/vitana.ch\/fr\/wp-json\/wp\/v2\/types\/product"}],"wp:featuredmedia":[{"embeddable":true,"href":"https:\/\/vitana.ch\/fr\/wp-json\/wp\/v2\/media\/3203"}],"wp:attachment":[{"href":"https:\/\/vitana.ch\/fr\/wp-json\/wp\/v2\/media?parent=12400"}],"wp:term":[{"taxonomy":"product_cat","embeddable":true,"href":"https:\/\/vitana.ch\/fr\/wp-json\/wp\/v2\/product_cat?post=12400"},{"taxonomy":"product_tag","embeddable":true,"href":"https:\/\/vitana.ch\/fr\/wp-json\/wp\/v2\/product_tag?post=12400"}],"curies":[{"name":"wp","href":"https:\/\/api.w.org\/{rel}","templated":true}]}}